{"id":5379,"date":"2023-09-10T14:53:05","date_gmt":"2023-09-10T13:53:05","guid":{"rendered":"https:\/\/pcbstator.com\/noticias\/"},"modified":"2024-02-02T13:58:41","modified_gmt":"2024-02-02T13:58:41","slug":"noticias","status":"publish","type":"page","link":"https:\/\/pcbstator.com\/es\/noticias\/","title":{"rendered":"Noticias"},"content":{"rendered":"\t\t<div data-elementor-type=\"wp-page\" data-elementor-id=\"5379\" class=\"elementor elementor-5379 elementor-734\" data-elementor-post-type=\"page\">\n\t\t\t\t<div class=\"elementor-element elementor-element-73c931e2 e-con-full e-flex e-con e-parent\" data-id=\"73c931e2\" data-element_type=\"container\" data-e-type=\"container\" data-settings=\"{&quot;background_background&quot;:&quot;gradient&quot;}\">\n\t\t<div class=\"elementor-element elementor-element-200edf77 e-flex e-con-boxed e-con e-child\" data-id=\"200edf77\" data-element_type=\"container\" data-e-type=\"container\">\n\t\t\t\t\t<div class=\"e-con-inner\">\n\t\t<div class=\"elementor-element elementor-element-76acbb46 e-con-full e-flex elementor-invisible e-con e-child\" data-id=\"76acbb46\" data-element_type=\"container\" data-e-type=\"container\" data-settings=\"{&quot;animation&quot;:&quot;slideInLeft&quot;}\">\n\t\t\t\t<div class=\"elementor-element elementor-element-115183e9 elementor-widget elementor-widget-heading\" data-id=\"115183e9\" data-element_type=\"widget\" data-e-type=\"widget\" data-widget_type=\"heading.default\">\n\t\t\t\t<div class=\"elementor-widget-container\">\n\t\t\t\t\t<h1 class=\"elementor-heading-title elementor-size-default\"><b>Noticias<\/b> recientes<\/h1>\t\t\t\t<\/div>\n\t\t\t\t<\/div>\n\t\t\t\t<\/div>\n\t\t<div class=\"elementor-element elementor-element-350a92c3 e-con-full e-flex e-con e-child\" data-id=\"350a92c3\" data-element_type=\"container\" data-e-type=\"container\" data-settings=\"{&quot;background_background&quot;:&quot;classic&quot;}\">\n\t\t\t\t<\/div>\n\t\t\t\t\t<\/div>\n\t\t\t\t<\/div>\n\t\t\t\t<\/div>\n\t\t<div class=\"elementor-element elementor-element-0e4aadf e-flex e-con-boxed e-con e-parent\" data-id=\"0e4aadf\" data-element_type=\"container\" data-e-type=\"container\">\n\t\t\t\t\t<div class=\"e-con-inner\">\n\t\t\t\t\t<\/div>\n\t\t\t\t<\/div>\n\t\t<div class=\"elementor-element elementor-element-5c953db e-flex e-con-boxed e-con e-parent\" data-id=\"5c953db\" data-element_type=\"container\" data-e-type=\"container\">\n\t\t\t\t\t<div class=\"e-con-inner\">\n\t\t\t\t\t<\/div>\n\t\t\t\t<\/div>\n\t\t\t\t<\/div>\n\t\t<script>function getWR360PopupSkin(){return 'light_clean';}<\/script>","protected":false},"excerpt":{"rendered":"<p>Noticias recientes<\/p>\n","protected":false},"author":2,"featured_media":4650,"parent":0,"menu_order":0,"comment_status":"closed","ping_status":"closed","template":"","meta":{"_acf_changed":false,"content-type":"","_monsterinsights_skip_tracking":false,"_monsterinsights_sitenote_active":false,"_monsterinsights_sitenote_note":"","_monsterinsights_sitenote_category":0,"_themeisle_gutenberg_block_has_review":false,"footnotes":""},"class_list":["post-5379","page","type-page","status-publish","has-post-thumbnail","hentry"],"acf":[],"yoast_head":"<!-- This site is optimized with the Yoast SEO plugin v27.2 - https:\/\/yoast.com\/product\/yoast-seo-wordpress\/ -->\n<title>Motor el\u00e9ctrico Noticias - PCB Stator Tech.<\/title>\n<meta name=\"description\" content=\"Mant\u00e9ngase al d\u00eda con las \u00faltimas noticias sobre motores el\u00e9ctricos - Explore la fuente de noticias de ECM para obtener informaci\u00f3n actualizada sobre la industria, innovaciones y tendencias. Su fuente de informaci\u00f3n actualizada sobre la industria del motor.\" \/>\n<meta name=\"robots\" content=\"index, follow, max-snippet:-1, max-image-preview:large, max-video-preview:-1\" \/>\n<link rel=\"canonical\" href=\"https:\/\/pcbstator.com\/es\/noticias\/\" \/>\n<meta property=\"og:locale\" content=\"es_ES\" \/>\n<meta property=\"og:type\" content=\"article\" \/>\n<meta property=\"og:title\" content=\"Motor el\u00e9ctrico Noticias - PCB Stator Tech.\" \/>\n<meta property=\"og:description\" content=\"Mant\u00e9ngase al d\u00eda con las \u00faltimas noticias sobre motores el\u00e9ctricos - Explore la fuente de noticias de ECM para obtener informaci\u00f3n actualizada sobre la industria, innovaciones y tendencias. Su fuente de informaci\u00f3n actualizada sobre la industria del motor.\" \/>\n<meta property=\"og:url\" content=\"https:\/\/pcbstator.com\/es\/noticias\/\" \/>\n<meta property=\"og:site_name\" content=\"PCB Stator Tech\" \/>\n<meta property=\"article:modified_time\" content=\"2024-02-02T13:58:41+00:00\" \/>\n<meta property=\"og:image\" content=\"https:\/\/pcbstator.com\/wp-content\/uploads\/2023\/09\/PCB_Stator_Press_Photo_5_0-1024x690.png\" \/>\n\t<meta property=\"og:image:width\" content=\"1024\" \/>\n\t<meta property=\"og:image:height\" content=\"690\" \/>\n\t<meta property=\"og:image:type\" content=\"image\/png\" \/>\n<meta name=\"twitter:card\" content=\"summary_large_image\" \/>\n<script type=\"application\/ld+json\" class=\"yoast-schema-graph\">{\"@context\":\"https:\/\/schema.org\",\"@graph\":[{\"@type\":\"WebPage\",\"@id\":\"https:\/\/pcbstator.com\/es\/noticias\/\",\"url\":\"https:\/\/pcbstator.com\/es\/noticias\/\",\"name\":\"Motor el\u00e9ctrico Noticias - PCB Stator Tech.\",\"isPartOf\":{\"@id\":\"https:\/\/pcbstator.com\/es\/#website\"},\"primaryImageOfPage\":{\"@id\":\"https:\/\/pcbstator.com\/es\/noticias\/#primaryimage\"},\"image\":{\"@id\":\"https:\/\/pcbstator.com\/es\/noticias\/#primaryimage\"},\"thumbnailUrl\":\"https:\/\/pcbstator.com\/wp-content\/uploads\/2023\/09\/PCB_Stator_Press_Photo_5_0.png\",\"datePublished\":\"2023-09-10T13:53:05+00:00\",\"dateModified\":\"2024-02-02T13:58:41+00:00\",\"description\":\"Mant\u00e9ngase al d\u00eda con las \u00faltimas noticias sobre motores el\u00e9ctricos - Explore la fuente de noticias de ECM para obtener informaci\u00f3n actualizada sobre la industria, innovaciones y tendencias. Su fuente de informaci\u00f3n actualizada sobre la industria del motor.\",\"breadcrumb\":{\"@id\":\"https:\/\/pcbstator.com\/es\/noticias\/#breadcrumb\"},\"inLanguage\":\"es\",\"potentialAction\":[{\"@type\":\"ReadAction\",\"target\":[\"https:\/\/pcbstator.com\/es\/noticias\/\"]}]},{\"@type\":\"ImageObject\",\"inLanguage\":\"es\",\"@id\":\"https:\/\/pcbstator.com\/es\/noticias\/#primaryimage\",\"url\":\"https:\/\/pcbstator.com\/wp-content\/uploads\/2023\/09\/PCB_Stator_Press_Photo_5_0.png\",\"contentUrl\":\"https:\/\/pcbstator.com\/wp-content\/uploads\/2023\/09\/PCB_Stator_Press_Photo_5_0.png\",\"width\":1800,\"height\":1213,\"caption\":\"Deconstructed ECM motor\"},{\"@type\":\"BreadcrumbList\",\"@id\":\"https:\/\/pcbstator.com\/es\/noticias\/#breadcrumb\",\"itemListElement\":[{\"@type\":\"ListItem\",\"position\":1,\"name\":\"Home\",\"item\":\"https:\/\/pcbstator.com\/es\/2025-prueba-de-la-pagina-de-inicio\/\"},{\"@type\":\"ListItem\",\"position\":2,\"name\":\"Noticias\"}]},{\"@type\":\"WebSite\",\"@id\":\"https:\/\/pcbstator.com\/es\/#website\",\"url\":\"https:\/\/pcbstator.com\/es\/\",\"name\":\"PCB Stator Tech\",\"description\":\"PCB Stator Tech\",\"publisher\":{\"@id\":\"https:\/\/pcbstator.com\/es\/#organization\"},\"potentialAction\":[{\"@type\":\"SearchAction\",\"target\":{\"@type\":\"EntryPoint\",\"urlTemplate\":\"https:\/\/pcbstator.com\/es\/?s={search_term_string}\"},\"query-input\":{\"@type\":\"PropertyValueSpecification\",\"valueRequired\":true,\"valueName\":\"search_term_string\"}}],\"inLanguage\":\"es\"},{\"@type\":\"Organization\",\"@id\":\"https:\/\/pcbstator.com\/es\/#organization\",\"name\":\"PCB Stator Tech\",\"url\":\"https:\/\/pcbstator.com\/es\/\",\"logo\":{\"@type\":\"ImageObject\",\"inLanguage\":\"es\",\"@id\":\"https:\/\/pcbstator.com\/es\/#\/schema\/logo\/image\/\",\"url\":\"https:\/\/pcbstator.com\/wp-content\/uploads\/2023\/08\/Asset-4.svg\",\"contentUrl\":\"https:\/\/pcbstator.com\/wp-content\/uploads\/2023\/08\/Asset-4.svg\",\"width\":1413,\"height\":360,\"caption\":\"PCB Stator Tech\"},\"image\":{\"@id\":\"https:\/\/pcbstator.com\/es\/#\/schema\/logo\/image\/\"}}]}<\/script>\n<!-- \/ Yoast SEO plugin. -->","yoast_head_json":{"title":"Motor el\u00e9ctrico Noticias - PCB Stator Tech.","description":"Mant\u00e9ngase al d\u00eda con las \u00faltimas noticias sobre motores el\u00e9ctricos - Explore la fuente de noticias de ECM para obtener informaci\u00f3n actualizada sobre la industria, innovaciones y tendencias. Su fuente de informaci\u00f3n actualizada sobre la industria del motor.","robots":{"index":"index","follow":"follow","max-snippet":"max-snippet:-1","max-image-preview":"max-image-preview:large","max-video-preview":"max-video-preview:-1"},"canonical":"https:\/\/pcbstator.com\/es\/noticias\/","og_locale":"es_ES","og_type":"article","og_title":"Motor el\u00e9ctrico Noticias - PCB Stator Tech.","og_description":"Mant\u00e9ngase al d\u00eda con las \u00faltimas noticias sobre motores el\u00e9ctricos - Explore la fuente de noticias de ECM para obtener informaci\u00f3n actualizada sobre la industria, innovaciones y tendencias. Su fuente de informaci\u00f3n actualizada sobre la industria del motor.","og_url":"https:\/\/pcbstator.com\/es\/noticias\/","og_site_name":"PCB Stator Tech","article_modified_time":"2024-02-02T13:58:41+00:00","og_image":[{"width":1024,"height":690,"url":"https:\/\/pcbstator.com\/wp-content\/uploads\/2023\/09\/PCB_Stator_Press_Photo_5_0-1024x690.png","type":"image\/png"}],"twitter_card":"summary_large_image","schema":{"@context":"https:\/\/schema.org","@graph":[{"@type":"WebPage","@id":"https:\/\/pcbstator.com\/es\/noticias\/","url":"https:\/\/pcbstator.com\/es\/noticias\/","name":"Motor el\u00e9ctrico Noticias - PCB Stator Tech.","isPartOf":{"@id":"https:\/\/pcbstator.com\/es\/#website"},"primaryImageOfPage":{"@id":"https:\/\/pcbstator.com\/es\/noticias\/#primaryimage"},"image":{"@id":"https:\/\/pcbstator.com\/es\/noticias\/#primaryimage"},"thumbnailUrl":"https:\/\/pcbstator.com\/wp-content\/uploads\/2023\/09\/PCB_Stator_Press_Photo_5_0.png","datePublished":"2023-09-10T13:53:05+00:00","dateModified":"2024-02-02T13:58:41+00:00","description":"Mant\u00e9ngase al d\u00eda con las \u00faltimas noticias sobre motores el\u00e9ctricos - Explore la fuente de noticias de ECM para obtener informaci\u00f3n actualizada sobre la industria, innovaciones y tendencias. Su fuente de informaci\u00f3n actualizada sobre la industria del motor.","breadcrumb":{"@id":"https:\/\/pcbstator.com\/es\/noticias\/#breadcrumb"},"inLanguage":"es","potentialAction":[{"@type":"ReadAction","target":["https:\/\/pcbstator.com\/es\/noticias\/"]}]},{"@type":"ImageObject","inLanguage":"es","@id":"https:\/\/pcbstator.com\/es\/noticias\/#primaryimage","url":"https:\/\/pcbstator.com\/wp-content\/uploads\/2023\/09\/PCB_Stator_Press_Photo_5_0.png","contentUrl":"https:\/\/pcbstator.com\/wp-content\/uploads\/2023\/09\/PCB_Stator_Press_Photo_5_0.png","width":1800,"height":1213,"caption":"Deconstructed ECM motor"},{"@type":"BreadcrumbList","@id":"https:\/\/pcbstator.com\/es\/noticias\/#breadcrumb","itemListElement":[{"@type":"ListItem","position":1,"name":"Home","item":"https:\/\/pcbstator.com\/es\/2025-prueba-de-la-pagina-de-inicio\/"},{"@type":"ListItem","position":2,"name":"Noticias"}]},{"@type":"WebSite","@id":"https:\/\/pcbstator.com\/es\/#website","url":"https:\/\/pcbstator.com\/es\/","name":"PCB Stator Tech","description":"PCB Stator Tech","publisher":{"@id":"https:\/\/pcbstator.com\/es\/#organization"},"potentialAction":[{"@type":"SearchAction","target":{"@type":"EntryPoint","urlTemplate":"https:\/\/pcbstator.com\/es\/?s={search_term_string}"},"query-input":{"@type":"PropertyValueSpecification","valueRequired":true,"valueName":"search_term_string"}}],"inLanguage":"es"},{"@type":"Organization","@id":"https:\/\/pcbstator.com\/es\/#organization","name":"PCB Stator Tech","url":"https:\/\/pcbstator.com\/es\/","logo":{"@type":"ImageObject","inLanguage":"es","@id":"https:\/\/pcbstator.com\/es\/#\/schema\/logo\/image\/","url":"https:\/\/pcbstator.com\/wp-content\/uploads\/2023\/08\/Asset-4.svg","contentUrl":"https:\/\/pcbstator.com\/wp-content\/uploads\/2023\/08\/Asset-4.svg","width":1413,"height":360,"caption":"PCB Stator Tech"},"image":{"@id":"https:\/\/pcbstator.com\/es\/#\/schema\/logo\/image\/"}}]}},"_links":{"self":[{"href":"https:\/\/pcbstator.com\/es\/wp-json\/wp\/v2\/pages\/5379","targetHints":{"allow":["GET"]}}],"collection":[{"href":"https:\/\/pcbstator.com\/es\/wp-json\/wp\/v2\/pages"}],"about":[{"href":"https:\/\/pcbstator.com\/es\/wp-json\/wp\/v2\/types\/page"}],"author":[{"embeddable":true,"href":"https:\/\/pcbstator.com\/es\/wp-json\/wp\/v2\/users\/2"}],"replies":[{"embeddable":true,"href":"https:\/\/pcbstator.com\/es\/wp-json\/wp\/v2\/comments?post=5379"}],"version-history":[{"count":0,"href":"https:\/\/pcbstator.com\/es\/wp-json\/wp\/v2\/pages\/5379\/revisions"}],"wp:featuredmedia":[{"embeddable":true,"href":"https:\/\/pcbstator.com\/es\/wp-json\/wp\/v2\/media\/4650"}],"wp:attachment":[{"href":"https:\/\/pcbstator.com\/es\/wp-json\/wp\/v2\/media?parent=5379"}],"curies":[{"name":"wp","href":"https:\/\/api.w.org\/{rel}","templated":true}]}}