{"id":5381,"date":"2023-12-17T17:00:48","date_gmt":"2023-12-17T17:00:48","guid":{"rendered":"https:\/\/pcbstator.com\/proximos-eventos\/"},"modified":"2024-04-24T10:59:36","modified_gmt":"2024-04-24T09:59:36","slug":"proximos-eventos","status":"publish","type":"page","link":"https:\/\/pcbstator.com\/es\/proximos-eventos\/","title":{"rendered":"Pr\u00f3ximos eventos"},"content":{"rendered":"\t\t<div data-elementor-type=\"wp-page\" data-elementor-id=\"5381\" class=\"elementor elementor-5381 elementor-4981\" data-elementor-post-type=\"page\">\n\t\t\t\t<div class=\"elementor-element elementor-element-23676c9e e-con-full e-flex e-con e-parent\" data-id=\"23676c9e\" data-element_type=\"container\" data-e-type=\"container\" data-settings=\"{&quot;background_background&quot;:&quot;gradient&quot;}\">\n\t\t<div class=\"elementor-element elementor-element-7a855501 e-flex e-con-boxed e-con e-child\" data-id=\"7a855501\" data-element_type=\"container\" data-e-type=\"container\">\n\t\t\t\t\t<div class=\"e-con-inner\">\n\t\t<div class=\"elementor-element elementor-element-4f6204bc e-con-full e-flex elementor-invisible e-con e-child\" data-id=\"4f6204bc\" data-element_type=\"container\" data-e-type=\"container\" data-settings=\"{&quot;animation&quot;:&quot;slideInLeft&quot;}\">\n\t\t<div class=\"elementor-element elementor-element-40ed12d1 e-con-full mw800 e-flex e-con e-child\" data-id=\"40ed12d1\" data-element_type=\"container\" data-e-type=\"container\">\n\t\t\t\t<div class=\"elementor-element elementor-element-22396d10 elementor-widget elementor-widget-heading\" data-id=\"22396d10\" data-element_type=\"widget\" data-e-type=\"widget\" data-widget_type=\"heading.default\">\n\t\t\t\t<div class=\"elementor-widget-container\">\n\t\t\t\t\t<h1 class=\"elementor-heading-title elementor-size-default\">Pr\u00f3ximos eventos<\/h1>\t\t\t\t<\/div>\n\t\t\t\t<\/div>\n\t\t\t\t<\/div>\n\t\t\t\t<\/div>\n\t\t\t\t\t<\/div>\n\t\t\t\t<\/div>\n\t\t\t\t<\/div>\n\t\t<div class=\"elementor-element elementor-element-5e1dc546 e-flex e-con-boxed e-con e-parent\" data-id=\"5e1dc546\" data-element_type=\"container\" data-e-type=\"container\">\n\t\t\t\t\t<div class=\"e-con-inner\">\n\t\t<div class=\"elementor-element elementor-element-3ce9ae73 e-con-full e-flex e-con e-child\" data-id=\"3ce9ae73\" data-element_type=\"container\" data-e-type=\"container\">\n\t\t<div class=\"elementor-element elementor-element-76088791 e-con-full e-flex e-con e-child\" data-id=\"76088791\" data-element_type=\"container\" data-e-type=\"container\" id=\"design-form\" data-settings=\"{&quot;background_background&quot;:&quot;classic&quot;}\">\n\t\t\t\t<\/div>\n\t\t\t\t<\/div>\n\t\t\t\t\t<\/div>\n\t\t\t\t<\/div>\n\t\t<div class=\"elementor-element elementor-element-85d2f00 e-flex e-con-boxed e-con e-parent\" data-id=\"85d2f00\" data-element_type=\"container\" data-e-type=\"container\">\n\t\t\t\t\t<div class=\"e-con-inner\">\n\t\t\t\t\t<\/div>\n\t\t\t\t<\/div>\n\t\t\t\t<\/div>\n\t\t<script>function getWR360PopupSkin(){return 'light_clean';}<\/script>","protected":false},"excerpt":{"rendered":"<p>Loading view. Events Search and Views Navigation Search Enter Keyword. Search for Events by Keyword. Find Events Event Views Navigation Photo List Month Summary Photo Today Upcoming Upcoming Select date. [&hellip;]<\/p>\n","protected":false},"author":2,"featured_media":4989,"parent":0,"menu_order":0,"comment_status":"closed","ping_status":"closed","template":"","meta":{"_acf_changed":false,"content-type":"","_monsterinsights_skip_tracking":false,"_monsterinsights_sitenote_active":false,"_monsterinsights_sitenote_note":"","_monsterinsights_sitenote_category":0,"_themeisle_gutenberg_block_has_review":false,"footnotes":""},"class_list":["post-5381","page","type-page","status-publish","has-post-thumbnail","hentry"],"acf":[],"yoast_head":"<!-- This site is optimized with the Yoast SEO plugin v27.2 - https:\/\/yoast.com\/product\/yoast-seo-wordpress\/ -->\n<title>Pr\u00f3ximos eventos - PCB Stator Tech<\/title>\n<meta name=\"description\" content=\"\u00a1Libere el futuro de la innovaci\u00f3n en motores con ECM PCB Stator Tech! Acomp\u00e1\u00f1enos en nuestros pr\u00f3ximos eventos para conocer los \u00faltimos avances e innovaciones.\" \/>\n<meta name=\"robots\" content=\"index, follow, max-snippet:-1, max-image-preview:large, max-video-preview:-1\" \/>\n<link rel=\"canonical\" href=\"https:\/\/pcbstator.com\/es\/proximos-eventos\/\" \/>\n<meta property=\"og:locale\" content=\"es_ES\" \/>\n<meta property=\"og:type\" content=\"article\" \/>\n<meta property=\"og:title\" content=\"Pr\u00f3ximos eventos - PCB Stator Tech\" \/>\n<meta property=\"og:description\" content=\"\u00a1Libere el futuro de la innovaci\u00f3n en motores con ECM PCB Stator Tech! Acomp\u00e1\u00f1enos en nuestros pr\u00f3ximos eventos para conocer los \u00faltimos avances e innovaciones.\" \/>\n<meta property=\"og:url\" content=\"https:\/\/pcbstator.com\/es\/proximos-eventos\/\" \/>\n<meta property=\"og:site_name\" content=\"PCB Stator Tech\" \/>\n<meta property=\"article:modified_time\" content=\"2024-04-24T09:59:36+00:00\" \/>\n<meta property=\"og:image\" content=\"https:\/\/pcbstator.com\/wp-content\/uploads\/2023\/12\/SPS-Trade-Show.png\" \/>\n\t<meta property=\"og:image:width\" content=\"1600\" \/>\n\t<meta property=\"og:image:height\" content=\"900\" \/>\n\t<meta property=\"og:image:type\" content=\"image\/png\" \/>\n<meta name=\"twitter:card\" content=\"summary_large_image\" \/>\n<script type=\"application\/ld+json\" class=\"yoast-schema-graph\">{\"@context\":\"https:\/\/schema.org\",\"@graph\":[{\"@type\":\"WebPage\",\"@id\":\"https:\/\/pcbstator.com\/es\/proximos-eventos\/\",\"url\":\"https:\/\/pcbstator.com\/es\/proximos-eventos\/\",\"name\":\"Pr\u00f3ximos eventos - PCB Stator Tech\",\"isPartOf\":{\"@id\":\"https:\/\/pcbstator.com\/es\/#website\"},\"primaryImageOfPage\":{\"@id\":\"https:\/\/pcbstator.com\/es\/proximos-eventos\/#primaryimage\"},\"image\":{\"@id\":\"https:\/\/pcbstator.com\/es\/proximos-eventos\/#primaryimage\"},\"thumbnailUrl\":\"https:\/\/pcbstator.com\/wp-content\/uploads\/2023\/12\/SPS-Trade-Show.png\",\"datePublished\":\"2023-12-17T17:00:48+00:00\",\"dateModified\":\"2024-04-24T09:59:36+00:00\",\"description\":\"\u00a1Libere el futuro de la innovaci\u00f3n en motores con ECM PCB Stator Tech! Acomp\u00e1\u00f1enos en nuestros pr\u00f3ximos eventos para conocer los \u00faltimos avances e innovaciones.\",\"breadcrumb\":{\"@id\":\"https:\/\/pcbstator.com\/es\/proximos-eventos\/#breadcrumb\"},\"inLanguage\":\"es\",\"potentialAction\":[{\"@type\":\"ReadAction\",\"target\":[\"https:\/\/pcbstator.com\/es\/proximos-eventos\/\"]}]},{\"@type\":\"ImageObject\",\"inLanguage\":\"es\",\"@id\":\"https:\/\/pcbstator.com\/es\/proximos-eventos\/#primaryimage\",\"url\":\"https:\/\/pcbstator.com\/wp-content\/uploads\/2023\/12\/SPS-Trade-Show.png\",\"contentUrl\":\"https:\/\/pcbstator.com\/wp-content\/uploads\/2023\/12\/SPS-Trade-Show.png\",\"width\":1600,\"height\":900},{\"@type\":\"BreadcrumbList\",\"@id\":\"https:\/\/pcbstator.com\/es\/proximos-eventos\/#breadcrumb\",\"itemListElement\":[{\"@type\":\"ListItem\",\"position\":1,\"name\":\"Home\",\"item\":\"https:\/\/pcbstator.com\/es\/2025-prueba-de-la-pagina-de-inicio\/\"},{\"@type\":\"ListItem\",\"position\":2,\"name\":\"Pr\u00f3ximos eventos\"}]},{\"@type\":\"WebSite\",\"@id\":\"https:\/\/pcbstator.com\/es\/#website\",\"url\":\"https:\/\/pcbstator.com\/es\/\",\"name\":\"PCB Stator Tech\",\"description\":\"PCB Stator Tech\",\"publisher\":{\"@id\":\"https:\/\/pcbstator.com\/es\/#organization\"},\"potentialAction\":[{\"@type\":\"SearchAction\",\"target\":{\"@type\":\"EntryPoint\",\"urlTemplate\":\"https:\/\/pcbstator.com\/es\/?s={search_term_string}\"},\"query-input\":{\"@type\":\"PropertyValueSpecification\",\"valueRequired\":true,\"valueName\":\"search_term_string\"}}],\"inLanguage\":\"es\"},{\"@type\":\"Organization\",\"@id\":\"https:\/\/pcbstator.com\/es\/#organization\",\"name\":\"PCB Stator Tech\",\"url\":\"https:\/\/pcbstator.com\/es\/\",\"logo\":{\"@type\":\"ImageObject\",\"inLanguage\":\"es\",\"@id\":\"https:\/\/pcbstator.com\/es\/#\/schema\/logo\/image\/\",\"url\":\"https:\/\/pcbstator.com\/wp-content\/uploads\/2023\/08\/Asset-4.svg\",\"contentUrl\":\"https:\/\/pcbstator.com\/wp-content\/uploads\/2023\/08\/Asset-4.svg\",\"width\":1413,\"height\":360,\"caption\":\"PCB Stator Tech\"},\"image\":{\"@id\":\"https:\/\/pcbstator.com\/es\/#\/schema\/logo\/image\/\"}}]}<\/script>\n<!-- \/ Yoast SEO plugin. -->","yoast_head_json":{"title":"Pr\u00f3ximos eventos - PCB Stator Tech","description":"\u00a1Libere el futuro de la innovaci\u00f3n en motores con ECM PCB Stator Tech! Acomp\u00e1\u00f1enos en nuestros pr\u00f3ximos eventos para conocer los \u00faltimos avances e innovaciones.","robots":{"index":"index","follow":"follow","max-snippet":"max-snippet:-1","max-image-preview":"max-image-preview:large","max-video-preview":"max-video-preview:-1"},"canonical":"https:\/\/pcbstator.com\/es\/proximos-eventos\/","og_locale":"es_ES","og_type":"article","og_title":"Pr\u00f3ximos eventos - PCB Stator Tech","og_description":"\u00a1Libere el futuro de la innovaci\u00f3n en motores con ECM PCB Stator Tech! Acomp\u00e1\u00f1enos en nuestros pr\u00f3ximos eventos para conocer los \u00faltimos avances e innovaciones.","og_url":"https:\/\/pcbstator.com\/es\/proximos-eventos\/","og_site_name":"PCB Stator Tech","article_modified_time":"2024-04-24T09:59:36+00:00","og_image":[{"width":1600,"height":900,"url":"https:\/\/pcbstator.com\/wp-content\/uploads\/2023\/12\/SPS-Trade-Show.png","type":"image\/png"}],"twitter_card":"summary_large_image","schema":{"@context":"https:\/\/schema.org","@graph":[{"@type":"WebPage","@id":"https:\/\/pcbstator.com\/es\/proximos-eventos\/","url":"https:\/\/pcbstator.com\/es\/proximos-eventos\/","name":"Pr\u00f3ximos eventos - PCB Stator Tech","isPartOf":{"@id":"https:\/\/pcbstator.com\/es\/#website"},"primaryImageOfPage":{"@id":"https:\/\/pcbstator.com\/es\/proximos-eventos\/#primaryimage"},"image":{"@id":"https:\/\/pcbstator.com\/es\/proximos-eventos\/#primaryimage"},"thumbnailUrl":"https:\/\/pcbstator.com\/wp-content\/uploads\/2023\/12\/SPS-Trade-Show.png","datePublished":"2023-12-17T17:00:48+00:00","dateModified":"2024-04-24T09:59:36+00:00","description":"\u00a1Libere el futuro de la innovaci\u00f3n en motores con ECM PCB Stator Tech! Acomp\u00e1\u00f1enos en nuestros pr\u00f3ximos eventos para conocer los \u00faltimos avances e innovaciones.","breadcrumb":{"@id":"https:\/\/pcbstator.com\/es\/proximos-eventos\/#breadcrumb"},"inLanguage":"es","potentialAction":[{"@type":"ReadAction","target":["https:\/\/pcbstator.com\/es\/proximos-eventos\/"]}]},{"@type":"ImageObject","inLanguage":"es","@id":"https:\/\/pcbstator.com\/es\/proximos-eventos\/#primaryimage","url":"https:\/\/pcbstator.com\/wp-content\/uploads\/2023\/12\/SPS-Trade-Show.png","contentUrl":"https:\/\/pcbstator.com\/wp-content\/uploads\/2023\/12\/SPS-Trade-Show.png","width":1600,"height":900},{"@type":"BreadcrumbList","@id":"https:\/\/pcbstator.com\/es\/proximos-eventos\/#breadcrumb","itemListElement":[{"@type":"ListItem","position":1,"name":"Home","item":"https:\/\/pcbstator.com\/es\/2025-prueba-de-la-pagina-de-inicio\/"},{"@type":"ListItem","position":2,"name":"Pr\u00f3ximos eventos"}]},{"@type":"WebSite","@id":"https:\/\/pcbstator.com\/es\/#website","url":"https:\/\/pcbstator.com\/es\/","name":"PCB Stator Tech","description":"PCB Stator Tech","publisher":{"@id":"https:\/\/pcbstator.com\/es\/#organization"},"potentialAction":[{"@type":"SearchAction","target":{"@type":"EntryPoint","urlTemplate":"https:\/\/pcbstator.com\/es\/?s={search_term_string}"},"query-input":{"@type":"PropertyValueSpecification","valueRequired":true,"valueName":"search_term_string"}}],"inLanguage":"es"},{"@type":"Organization","@id":"https:\/\/pcbstator.com\/es\/#organization","name":"PCB Stator Tech","url":"https:\/\/pcbstator.com\/es\/","logo":{"@type":"ImageObject","inLanguage":"es","@id":"https:\/\/pcbstator.com\/es\/#\/schema\/logo\/image\/","url":"https:\/\/pcbstator.com\/wp-content\/uploads\/2023\/08\/Asset-4.svg","contentUrl":"https:\/\/pcbstator.com\/wp-content\/uploads\/2023\/08\/Asset-4.svg","width":1413,"height":360,"caption":"PCB Stator Tech"},"image":{"@id":"https:\/\/pcbstator.com\/es\/#\/schema\/logo\/image\/"}}]}},"_links":{"self":[{"href":"https:\/\/pcbstator.com\/es\/wp-json\/wp\/v2\/pages\/5381","targetHints":{"allow":["GET"]}}],"collection":[{"href":"https:\/\/pcbstator.com\/es\/wp-json\/wp\/v2\/pages"}],"about":[{"href":"https:\/\/pcbstator.com\/es\/wp-json\/wp\/v2\/types\/page"}],"author":[{"embeddable":true,"href":"https:\/\/pcbstator.com\/es\/wp-json\/wp\/v2\/users\/2"}],"replies":[{"embeddable":true,"href":"https:\/\/pcbstator.com\/es\/wp-json\/wp\/v2\/comments?post=5381"}],"version-history":[{"count":0,"href":"https:\/\/pcbstator.com\/es\/wp-json\/wp\/v2\/pages\/5381\/revisions"}],"wp:featuredmedia":[{"embeddable":true,"href":"https:\/\/pcbstator.com\/es\/wp-json\/wp\/v2\/media\/4989"}],"wp:attachment":[{"href":"https:\/\/pcbstator.com\/es\/wp-json\/wp\/v2\/media?parent=5381"}],"curies":[{"name":"wp","href":"https:\/\/api.w.org\/{rel}","templated":true}]}}